{"id":8983,"date":"2016-06-22T13:15:07","date_gmt":"2016-06-22T11:15:07","guid":{"rendered":"https:\/\/fracdahl.emotas.de\/canopen-software-products"},"modified":"2023-06-13T12:11:54","modified_gmt":"2023-06-13T10:11:54","slug":"canopen-software-products","status":"publish","type":"page","link":"https:\/\/www.emotas.de\/en\/software-products-by-emotas\/canopen-software-products","title":{"rendered":"CANopen Software Products"},"content":{"rendered":"<p><script type=\"application\/ld+json\">\n{\n  \"@context\": \"http:\/\/schema.org\/\",\n  \"@type\": \"Service\",\n  \"serviceType\": \"CAN und CANopen Software Entwicklung\",\n  \"provider\": {\n    \"@type\": \"LocalBusiness\",\n    \"name\": \"emotas embedded communication GmbH\",\n    \"description\": \"\u00dcbersicht \u00fcber die CAN und CANopen Software Produkte. Von Bootloadern und Stacks sowie Libraries \u00fcber Konfigurations-und Diagnose-Tools bis zu Simulationsl\u00f6sungen.\",\n    \"image\": \"\/wp-content\/uploads\/2016\/09\/canopen_software_toolchain.png\",\n    \"telephone\": \"+493461794160\",\n    \"address\": \"Fritz-Haber-Stra\u00dfe 9, 06217 Merseburg\" ,\n    \"priceRange\": \"variabel\"\n  },\n  \"areaServed\": {\n    \"@type\": \"State\",\n    \"name\": \"Saxony-Anhalt\"\n  },\n  \"hasOfferCatalog\": {\n    \"@type\": \"OfferCatalog\",\n    \"name\": \"CAN und CANopen Software\",\n    \"itemListElement\": [\n      {\n        \"@type\": \"OfferCatalog\",\n        \"name\": \"CAN Software\",\n        \"itemListElement\": [\n          {\n            \"@type\": \"Offer\",\n            \"itemOffered\": {\n              \"@type\": \"Service\",\n              \"name\": \"CANinterpreter\"\n            }\n          },\n          {\n            \"@type\": \"Offer\",\n            \"itemOffered\": {\n              \"@type\": \"Service\",\n              \"name\": \"CAN-Hardware\"\n            }\n          },\n          {\n            \"@type\": \"Offer\",\n            \"itemOffered\": {\n              \"@type\": \"Service\",\n              \"name\": \"CAN-MultiProtokoll Stack\"\n            }\n          }\n         ]\n        },\n        {\n        \"@type\": \"OfferCatalog\",\n        \"name\": \"CANopen Software\",\n        \"itemListElement\": [\n          {\n            \"@type\": \"Offer\",\n            \"itemOffered\": {\n              \"@type\": \"Service\",\n              \"name\": \"CANopen Slave Stack Source Code\"\n            }\n          },\n          {\n            \"@type\": \"Offer\",\n            \"itemOffered\": {\n              \"@type\": \"Service\",\n              \"name\": \"CANopen NetworkDesigner\"\n            }\n          },\n          {\n            \"@type\": \"Offer\",\n            \"itemOffered\": {\n              \"@type\": \"Service\",\n              \"name\": \"CANopen Master\/Slave Stack\"\n            }\n          },\n          {\n            \"@type\": \"Offer\",\n            \"itemOffered\": {\n              \"@type\": \"Service\",\n              \"name\": \"CANopen Bootloader\"\n            }\n          },\n          {\n            \"@type\": \"Offer\",\n            \"itemOffered\": {\n              \"@type\": \"Service\",\n              \"name\": \"CANopen DeviceExplorer\"\n            }\n          },\n          {\n            \"@type\": \"Offer\",\n            \"itemOffered\": {\n              \"@type\": \"Service\",\n              \"name\": \"CANopen DeviceDesigner\"\n            }\n          },\n          {\n            \"@type\": \"Offer\",\n            \"itemOffered\": {\n              \"@type\": \"Service\",\n              \"name\": \"CANopen UpdateManager\"\n            }\n          },\n          {\n            \"@type\": \"Offer\",\n            \"itemOffered\": {\n              \"@type\": \"Service\",\n              \"name\": \"CANopen-TCP\/IP-Gateway\"\n            }\n          },\n          {\n            \"@type\": \"Offer\",\n            \"itemOffered\": {\n              \"@type\": \"Service\",\n              \"name\": \"CANopen-Modbus\/TCP-Gateway\"\n            }\n          }\n         ]\n         }\n        ]\n     }\n  }\n}\n<\/script><br \/>\nCANopen software for your device development<\/p>\n<p>CANopen is a communication protocol based on CAN, which is defined by CAN in Automation e.V. (CiA) and internationally standardized as European standard EN 50325-4. It defines basic services for process data exchange as well as for the configuration of devices. In addition to CANopen, other device and application profiles are defined and developed and maintained by CiA and its members. emotas is actively involved in the further development of these profiles. Because current requirements are always taken into account, we can offer our customers CAN and CANopen products that are always up to date. Core products are the emotas protocol stacks and bootloaders. Convenient analysis, development and configuration tools round off our product range. We also offer in-depth CAN\/CANopen training, professional consulting services and, if required, individual embedded software development.<br \/>\nSince the release of CANopen FD (CiA 1301) in September 2017, we also support the CANopen FD protocol with our stacks and tools.<\/p>\n<p><a href=\"\/wp-content\/uploads\/2021\/02\/emotas_toolchain_CANopenFD.png\"><img loading=\"lazy\" decoding=\"async\" class=\"alignnone wp-image-7085 size-large\" src=\"\/wp-content\/uploads\/2021\/02\/emotas_toolchain_CANopenFD.png\" alt=\"\" width=\"640\" height=\"421\" \/><\/a><\/p>\n","protected":false},"excerpt":{"rendered":"<p>CANopen software for your device development CANopen is a communication protocol based on CAN, which is defined by CAN in Automation e.V. (CiA) and internationally standardized as European standard EN 50325-4. It defines basic services for process data exchange as well as for the configuration of devices. In addition to CANopen, other device and application [&hellip;]<\/p>\n","protected":false},"author":3,"featured_media":8706,"parent":8973,"menu_order":0,"comment_status":"closed","ping_status":"closed","template":"wp-custom-template-ca-nopen-products","meta":{"footnotes":""},"class_list":["post-8983","page","type-page","status-publish","has-post-thumbnail","hentry"],"yoast_head":"<!-- This site is optimized with the Yoast SEO plugin v27.4 - https:\/\/yoast.com\/product\/yoast-seo-wordpress\/ -->\n<title>emotas CANopen Software Product Overview<\/title>\n<meta name=\"description\" content=\"Overview of CAN and CANopen software products. From bootloaders and stacks to configuration and diagnostic tools and simulation solutions.\" \/>\n<meta name=\"robots\" content=\"index, follow, max-snippet:-1, max-image-preview:large, max-video-preview:-1\" \/>\n<link rel=\"canonical\" href=\"https:\/\/www.emotas.de\/en\/software-products-by-emotas\/canopen-software-products\" \/>\n<meta property=\"og:locale\" content=\"en_US\" \/>\n<meta property=\"og:type\" content=\"article\" \/>\n<meta property=\"og:title\" content=\"emotas CANopen Software Product Overview\" \/>\n<meta property=\"og:description\" content=\"Overview of CAN and CANopen software products. From bootloaders and stacks to configuration and diagnostic tools and simulation solutions.\" \/>\n<meta property=\"og:url\" content=\"https:\/\/www.emotas.de\/en\/software-products-by-emotas\/canopen-software-products\" \/>\n<meta property=\"og:site_name\" content=\"emotas embedded communication GmbH\" \/>\n<meta property=\"article:modified_time\" content=\"2023-06-13T10:11:54+00:00\" \/>\n<meta property=\"og:image\" content=\"https:\/\/www.emotas.de\/wp-content\/uploads\/2016\/06\/canopen.png\" \/>\n\t<meta property=\"og:image:width\" content=\"500\" \/>\n\t<meta property=\"og:image:height\" content=\"119\" \/>\n\t<meta property=\"og:image:type\" content=\"image\/png\" \/>\n<meta name=\"twitter:card\" content=\"summary_large_image\" \/>\n<meta name=\"twitter:label1\" content=\"Est. reading time\" \/>\n\t<meta name=\"twitter:data1\" content=\"3 minutes\" \/>\n<script type=\"application\/ld+json\" class=\"yoast-schema-graph\">{\"@context\":\"https:\\\/\\\/schema.org\",\"@graph\":[{\"@type\":\"WebPage\",\"@id\":\"https:\\\/\\\/www.emotas.de\\\/en\\\/software-products-by-emotas\\\/canopen-software-products\",\"url\":\"https:\\\/\\\/www.emotas.de\\\/en\\\/software-products-by-emotas\\\/canopen-software-products\",\"name\":\"emotas CANopen Software Product Overview\",\"isPartOf\":{\"@id\":\"https:\\\/\\\/www.emotas.de\\\/en#website\"},\"primaryImageOfPage\":{\"@id\":\"https:\\\/\\\/www.emotas.de\\\/en\\\/software-products-by-emotas\\\/canopen-software-products#primaryimage\"},\"image\":{\"@id\":\"https:\\\/\\\/www.emotas.de\\\/en\\\/software-products-by-emotas\\\/canopen-software-products#primaryimage\"},\"thumbnailUrl\":\"https:\\\/\\\/www.emotas.de\\\/wp-content\\\/uploads\\\/2016\\\/06\\\/canopen.png\",\"datePublished\":\"2016-06-22T11:15:07+00:00\",\"dateModified\":\"2023-06-13T10:11:54+00:00\",\"description\":\"Overview of CAN and CANopen software products. From bootloaders and stacks to configuration and diagnostic tools and simulation solutions.\",\"breadcrumb\":{\"@id\":\"https:\\\/\\\/www.emotas.de\\\/en\\\/software-products-by-emotas\\\/canopen-software-products#breadcrumb\"},\"inLanguage\":\"en-US\",\"potentialAction\":[{\"@type\":\"ReadAction\",\"target\":[\"https:\\\/\\\/www.emotas.de\\\/en\\\/software-products-by-emotas\\\/canopen-software-products\"]}]},{\"@type\":\"ImageObject\",\"inLanguage\":\"en-US\",\"@id\":\"https:\\\/\\\/www.emotas.de\\\/en\\\/software-products-by-emotas\\\/canopen-software-products#primaryimage\",\"url\":\"https:\\\/\\\/www.emotas.de\\\/wp-content\\\/uploads\\\/2016\\\/06\\\/canopen.png\",\"contentUrl\":\"https:\\\/\\\/www.emotas.de\\\/wp-content\\\/uploads\\\/2016\\\/06\\\/canopen.png\",\"width\":500,\"height\":119,\"caption\":\"CANopen\"},{\"@type\":\"BreadcrumbList\",\"@id\":\"https:\\\/\\\/www.emotas.de\\\/en\\\/software-products-by-emotas\\\/canopen-software-products#breadcrumb\",\"itemListElement\":[{\"@type\":\"ListItem\",\"position\":1,\"name\":\"Startseite\",\"item\":\"https:\\\/\\\/www.emotas.de\\\/en\"},{\"@type\":\"ListItem\",\"position\":2,\"name\":\"Software products by emotas\",\"item\":\"https:\\\/\\\/www.emotas.de\\\/en\"},{\"@type\":\"ListItem\",\"position\":3,\"name\":\"CANopen Software Products\"}]},{\"@type\":\"WebSite\",\"@id\":\"https:\\\/\\\/www.emotas.de\\\/en#website\",\"url\":\"https:\\\/\\\/www.emotas.de\\\/en\",\"name\":\"emotas embedded communication GmbH\",\"description\":\"your embedded solution partner\",\"publisher\":{\"@id\":\"https:\\\/\\\/www.emotas.de\\\/en#organization\"},\"potentialAction\":[{\"@type\":\"SearchAction\",\"target\":{\"@type\":\"EntryPoint\",\"urlTemplate\":\"https:\\\/\\\/www.emotas.de\\\/en?s={search_term_string}\"},\"query-input\":{\"@type\":\"PropertyValueSpecification\",\"valueRequired\":true,\"valueName\":\"search_term_string\"}}],\"inLanguage\":\"en-US\"},{\"@type\":\"Organization\",\"@id\":\"https:\\\/\\\/www.emotas.de\\\/en#organization\",\"name\":\"emotas embedded communication GmbH\",\"url\":\"https:\\\/\\\/www.emotas.de\\\/en\",\"logo\":{\"@type\":\"ImageObject\",\"inLanguage\":\"en-US\",\"@id\":\"https:\\\/\\\/www.emotas.de\\\/en#\\\/schema\\\/logo\\\/image\\\/\",\"url\":\"https:\\\/\\\/www.emotas.de\\\/wp-content\\\/uploads\\\/2023\\\/08\\\/emotas_logo.jpg\",\"contentUrl\":\"https:\\\/\\\/www.emotas.de\\\/wp-content\\\/uploads\\\/2023\\\/08\\\/emotas_logo.jpg\",\"width\":2222,\"height\":1070,\"caption\":\"emotas embedded communication GmbH\"},\"image\":{\"@id\":\"https:\\\/\\\/www.emotas.de\\\/en#\\\/schema\\\/logo\\\/image\\\/\"}}]}<\/script>\n<!-- \/ Yoast SEO plugin. -->","yoast_head_json":{"title":"emotas CANopen Software Product Overview","description":"Overview of CAN and CANopen software products. From bootloaders and stacks to configuration and diagnostic tools and simulation solutions.","robots":{"index":"index","follow":"follow","max-snippet":"max-snippet:-1","max-image-preview":"max-image-preview:large","max-video-preview":"max-video-preview:-1"},"canonical":"https:\/\/www.emotas.de\/en\/software-products-by-emotas\/canopen-software-products","og_locale":"en_US","og_type":"article","og_title":"emotas CANopen Software Product Overview","og_description":"Overview of CAN and CANopen software products. From bootloaders and stacks to configuration and diagnostic tools and simulation solutions.","og_url":"https:\/\/www.emotas.de\/en\/software-products-by-emotas\/canopen-software-products","og_site_name":"emotas embedded communication GmbH","article_modified_time":"2023-06-13T10:11:54+00:00","og_image":[{"width":500,"height":119,"url":"https:\/\/www.emotas.de\/wp-content\/uploads\/2016\/06\/canopen.png","type":"image\/png"}],"twitter_card":"summary_large_image","twitter_misc":{"Est. reading time":"3 minutes"},"schema":{"@context":"https:\/\/schema.org","@graph":[{"@type":"WebPage","@id":"https:\/\/www.emotas.de\/en\/software-products-by-emotas\/canopen-software-products","url":"https:\/\/www.emotas.de\/en\/software-products-by-emotas\/canopen-software-products","name":"emotas CANopen Software Product Overview","isPartOf":{"@id":"https:\/\/www.emotas.de\/en#website"},"primaryImageOfPage":{"@id":"https:\/\/www.emotas.de\/en\/software-products-by-emotas\/canopen-software-products#primaryimage"},"image":{"@id":"https:\/\/www.emotas.de\/en\/software-products-by-emotas\/canopen-software-products#primaryimage"},"thumbnailUrl":"https:\/\/www.emotas.de\/wp-content\/uploads\/2016\/06\/canopen.png","datePublished":"2016-06-22T11:15:07+00:00","dateModified":"2023-06-13T10:11:54+00:00","description":"Overview of CAN and CANopen software products. From bootloaders and stacks to configuration and diagnostic tools and simulation solutions.","breadcrumb":{"@id":"https:\/\/www.emotas.de\/en\/software-products-by-emotas\/canopen-software-products#breadcrumb"},"inLanguage":"en-US","potentialAction":[{"@type":"ReadAction","target":["https:\/\/www.emotas.de\/en\/software-products-by-emotas\/canopen-software-products"]}]},{"@type":"ImageObject","inLanguage":"en-US","@id":"https:\/\/www.emotas.de\/en\/software-products-by-emotas\/canopen-software-products#primaryimage","url":"https:\/\/www.emotas.de\/wp-content\/uploads\/2016\/06\/canopen.png","contentUrl":"https:\/\/www.emotas.de\/wp-content\/uploads\/2016\/06\/canopen.png","width":500,"height":119,"caption":"CANopen"},{"@type":"BreadcrumbList","@id":"https:\/\/www.emotas.de\/en\/software-products-by-emotas\/canopen-software-products#breadcrumb","itemListElement":[{"@type":"ListItem","position":1,"name":"Startseite","item":"https:\/\/www.emotas.de\/en"},{"@type":"ListItem","position":2,"name":"Software products by emotas","item":"https:\/\/www.emotas.de\/en"},{"@type":"ListItem","position":3,"name":"CANopen Software Products"}]},{"@type":"WebSite","@id":"https:\/\/www.emotas.de\/en#website","url":"https:\/\/www.emotas.de\/en","name":"emotas embedded communication GmbH","description":"your embedded solution partner","publisher":{"@id":"https:\/\/www.emotas.de\/en#organization"},"potentialAction":[{"@type":"SearchAction","target":{"@type":"EntryPoint","urlTemplate":"https:\/\/www.emotas.de\/en?s={search_term_string}"},"query-input":{"@type":"PropertyValueSpecification","valueRequired":true,"valueName":"search_term_string"}}],"inLanguage":"en-US"},{"@type":"Organization","@id":"https:\/\/www.emotas.de\/en#organization","name":"emotas embedded communication GmbH","url":"https:\/\/www.emotas.de\/en","logo":{"@type":"ImageObject","inLanguage":"en-US","@id":"https:\/\/www.emotas.de\/en#\/schema\/logo\/image\/","url":"https:\/\/www.emotas.de\/wp-content\/uploads\/2023\/08\/emotas_logo.jpg","contentUrl":"https:\/\/www.emotas.de\/wp-content\/uploads\/2023\/08\/emotas_logo.jpg","width":2222,"height":1070,"caption":"emotas embedded communication GmbH"},"image":{"@id":"https:\/\/www.emotas.de\/en#\/schema\/logo\/image\/"}}]}},"_links":{"self":[{"href":"https:\/\/www.emotas.de\/en\/wp-json\/wp\/v2\/pages\/8983","targetHints":{"allow":["GET"]}}],"collection":[{"href":"https:\/\/www.emotas.de\/en\/wp-json\/wp\/v2\/pages"}],"about":[{"href":"https:\/\/www.emotas.de\/en\/wp-json\/wp\/v2\/types\/page"}],"author":[{"embeddable":true,"href":"https:\/\/www.emotas.de\/en\/wp-json\/wp\/v2\/users\/3"}],"replies":[{"embeddable":true,"href":"https:\/\/www.emotas.de\/en\/wp-json\/wp\/v2\/comments?post=8983"}],"version-history":[{"count":3,"href":"https:\/\/www.emotas.de\/en\/wp-json\/wp\/v2\/pages\/8983\/revisions"}],"predecessor-version":[{"id":10178,"href":"https:\/\/www.emotas.de\/en\/wp-json\/wp\/v2\/pages\/8983\/revisions\/10178"}],"up":[{"embeddable":true,"href":"https:\/\/www.emotas.de\/en\/wp-json\/wp\/v2\/pages\/8973"}],"wp:featuredmedia":[{"embeddable":true,"href":"https:\/\/www.emotas.de\/en\/wp-json\/wp\/v2\/media\/8706"}],"wp:attachment":[{"href":"https:\/\/www.emotas.de\/en\/wp-json\/wp\/v2\/media?parent=8983"}],"curies":[{"name":"wp","href":"https:\/\/api.w.org\/{rel}","templated":true}]}}